{"id":6815,"date":"2021-07-16T09:06:05","date_gmt":"2021-07-16T09:06:05","guid":{"rendered":"https:\/\/preventionaccess.org\/careers\/"},"modified":"2022-03-13T08:48:48","modified_gmt":"2022-03-13T08:48:48","slug":"careers","status":"publish","type":"page","link":"https:\/\/preventionaccess.org\/es\/careers\/","title":{"rendered":"\u00danete a nuestro equipo"},"content":{"rendered":"<div class=\"section section-wwd\">\r\n  <div class=\"container\">\r\n    \r\n          <h2 class=\"section-wwd__title\">\r\n        <span>\u00danete a nuestro equipo <\/span>\r\n              <\/h2>\r\n    \r\n          <h2 class=\"section-wwd__subtitle\">\r\n        PAC y nuestros socios trabajan juntos en todos los continentes para garantizar que I=I se convierta en un conocimiento com\u00fan y que todas las personas que viven con el VIH tengan acceso al tratamiento y a la atenci\u00f3n para beneficiarse de \u00e9l. Encuentre las ofertas de trabajo actuales a continuaci\u00f3n.      <\/h2>\r\n      <\/div>\r\n<\/div>\n<div class=\"wp-block-image\"><figure class=\"aligncenter size-large\"><img decoding=\"async\" src=\"https:\/\/preventionaccess.org\/wp-content\/uploads\/2022\/01\/twitter_FIw2DNeXEAA8dnH-e1643131757467.jpg\" alt=\"\"\/><\/figure><\/div>\n<section class=\"section c-section\">\r\n    <div class=\"container\">\r\n\r\n\r\n        <p style=\"text-align: center\"><span style=\"text-decoration: underline\"><strong>Director de Comunicaciones Globales<\/strong><\/span><\/p>\n<p>&nbsp;<\/p>\n<p><strong>SOBRE EL PUESTO:<\/strong><\/p>\n<p>El Director de Comunicaciones Globales (DGC) es un puesto de liderazgo senior responsable de construir y supervisar la funci\u00f3n de comunicaciones de PAC con socios nacionales e internacionales. Trabajando estrechamente con los equipos de liderazgo de PAC, la Junta de la Comunidad Global de I=I, y en colaboraci\u00f3n con los socios de I=I, el DGC ser\u00e1 responsable de desarrollar e implementar la estrategia de comunicaci\u00f3n global e interfuncional de PAC. El DGC crear\u00e1 y dirigir\u00e1 un equipo de comunicaciones para crear, conservar y compartir los recursos de I=I para apoyar el creciente movimiento de socios extraordinarios de I=I y aprovechar su \u00e9xito en la difusi\u00f3n de la ciencia de I=I en todo el mundo.<\/p>\n<p>Las responsabilidades incluir\u00e1n:<\/p>\n<ul>\n<li>Desarrollar y poner en pr\u00e1ctica la narrativa y la estrategia de comunicaci\u00f3n y marca del PAC en todos los canales de comunicaci\u00f3n y en todas las regiones<\/li>\n<li>Supervisar la calidad, la integridad y la innovaci\u00f3n en todas las plataformas de comunicaci\u00f3n externa, incluidos el nuevo sitio web de la APA, los boletines informativos, las presentaciones, los kits de herramientas y las redes sociales.<\/li>\n<li>Dirigir el desarrollo de recursos de comunicaci\u00f3n f\u00e1cilmente modificables por los socios globales y regionales en colaboraci\u00f3n con los socios de la APA y facilitar el intercambio de recursos entre la red I=I y el p\u00fablico<\/li>\n<li>Apoyar al equipo directivo de la APA en las comunicaciones externas a nivel mundial con las partes interesadas<\/li>\n<li>Redactar puntos de discusi\u00f3n clave, posibles discursos, respuestas a los medios de comunicaci\u00f3n y piezas de prensa colocadas<\/li>\n<li>Asesorar a los l\u00edderes sobre el compromiso y la presencia p\u00fablica necesarios<\/li>\n<li>Establecer relaciones con reporteros clave y educarlos, llevar a cabo actividades de divulgaci\u00f3n en los medios de comunicaci\u00f3n con socios, portavoces y patrocinadores de I=I<\/li>\n<li>Contratar y gestionar el apoyo externo en materia de comunicaci\u00f3n, incluidas las agencias de relaciones p\u00fablicas y de publicidad<\/li>\n<li>Celebrar la comunidad I=I mientras sigue haciendo historia en todo el mundo<\/li>\n<\/ul>\n<p><strong>REQUISITOS DE LOS CANDIDATOS:<\/strong><\/p>\n<p>Los candidatos a este puesto deben tener una visi\u00f3n clara y pasi\u00f3n por apoyar el movimiento I=I mientras sigue avanzando. Los candidatos seleccionados deber\u00e1n poseer las siguientes experiencias, habilidades y caracter\u00edsticas:<\/p>\n<ul>\n<li>M\u00e1s de 12 a\u00f1os en el campo de la comunicaci\u00f3n (digital y tradicional); se requiere experiencia en comunicaciones sobre el VIH\/SIDA o la salud p\u00fablica mundial.<\/li>\n<li>Excelentes habilidades de comunicaci\u00f3n escrita, oral, de presentaci\u00f3n e interpersonal<\/li>\n<li>Excelentes habilidades de redacci\u00f3n en una amplia gama de estilos y medios<\/li>\n<li>Experiencia demostrada en el desarrollo de contenidos y materiales de comunicaci\u00f3n excepcionales para atraer a audiencias con diferentes estilos de aprendizaje<\/li>\n<li>Dedicaci\u00f3n a compartir ideas y fomentar la colaboraci\u00f3n entre una amplia gama de partes interesadas, como investigadores, funcionarios gubernamentales y de salud p\u00fablica de alto nivel, financiadores, industria, periodistas y comunidad<\/li>\n<li>Dominio de las tecnolog\u00edas de la comunicaci\u00f3n<\/li>\n<li>Capacidad para prosperar y automotivarse con un grado importante de autonom\u00eda y como parte de un equipo en un entorno empresarial de ritmo r\u00e1pido<\/li>\n<li>Pasi\u00f3n por el cambio de sistemas y la innovaci\u00f3n disruptiva<\/li>\n<li>Dedicaci\u00f3n demostrada a la justicia social y a los principios antirracistas<\/li>\n<li>Amabilidad, flexibilidad, integridad y sentido del humor<\/li>\n<\/ul>\n<p><strong>UBICACI\u00d3N:<\/strong><\/p>\n<p>Flexible. Se espera que se presenten viajes en todo el mundo (hasta el 60%), en funci\u00f3n de las directrices de seguridad.<\/p>\n<p><strong>REPORTA A:<\/strong><\/p>\n<p>Director Ejecutivo Fundador<\/p>\n<p><strong>COMPENSACI\u00d3N Y BENEFICIOS:<\/strong><\/p>\n<p>Rango salarial: de 165,000 a 178,000 d\u00f3lares (en funci\u00f3n de la experiencia); las prestaciones incluir\u00e1n generosas vacaciones y beneficios de salud y bienestar.<\/p>\n<p><strong>POR FAVOR ENV\u00cdE SU CARTA DE PRESENTACI\u00d3N Y SU CURR\u00cdCULO A<\/strong>: <a href=\"mailto:careers@preventionaccess.org\">careers@preventionaccess.org<\/a>; <strong>Asunto<\/strong>: DGC<\/p>\n<p><em>PAC se compromete a crear un equipo de liderazgo que refleje la epidemia del VIH. Animamos a los candidatos que se identifican como negros, latinos, ind\u00edgenas y otras personas de color, personas LGBTQ (en particular los de experiencia transg\u00e9nero) y los que representan a las poblaciones clave afectadas por la epidemia del VIH a que presenten su candidatura.<\/em><\/p>\n\r\n\r\n\r\n    <\/div>\r\n\r\n<\/section>\r\n\n<div class=\"wp-block-image\"><figure class=\"aligncenter size-large\"><img decoding=\"async\" src=\"https:\/\/preventionaccess.org\/wp-content\/uploads\/2022\/01\/twitter_FISApcnXsAMQK6v-e1643131777832.jpg\" alt=\"\"\/><\/figure><\/div>\n<section class=\"section c-section\">\r\n    <div class=\"container\">\r\n\r\n\r\n        <p style=\"text-align: center\"><span style=\"text-decoration: underline\"><strong>Director de Promoci\u00f3n de Pol\u00edticas Globales (DGPA)<\/strong><\/span><\/p>\n<p>&nbsp;<\/p>\n<p><strong>ACERCA DEL PUESTO:<\/strong><\/p>\n<p>El Director de Promoci\u00f3n de Pol\u00edticas Globales (DGPA) es un puesto de liderazgo de alto nivel responsable de construir y supervisar el trabajo de promoci\u00f3n y pol\u00edtica de PAC. El DGPA se basar\u00e1 en nuestra experiencia de trabajo con los l\u00edderes de las personas que viven con el VIH, las agencias mundiales, los ministerios de salud y los investigadores para afectar a los cambios sist\u00e9micos e influir en las decisiones de gobierno y pol\u00edticas que mejorar\u00e1n la calidad de vida de las personas que viven con y est\u00e1n afectadas por el VIH y fortalecer\u00e1n los esfuerzos para poner fin a la epidemia. Con el PEPFAR requiriendo la educaci\u00f3n en I=I de los m\u00e1s de 50 pa\u00edses del PEPFAR, el excepcional liderazgo en I=I del CDC DGHT, y el claro respaldo de la OMS a I=I, este es el momento oportuno para mover a las organizaciones globales influyentes y a los gobiernos de todo el mundo a abrazar esta revoluci\u00f3n.Las responsabilidades incluir\u00e1n:<\/p>\n<ul>\n<li>Desarrollar y aplicar las estrategias de promoci\u00f3n y pol\u00edtica de la PAC en zonas geogr\u00e1ficas clave.<\/li>\n<li>Trabajar estrechamente con el Director de Liderazgo Comunitario Global de I=I para asegurar un liderazgo significativo de las PVVS en la respuesta global de I=I<\/li>\n<li>Gestionar el I=I Global Collaborative, un grupo de trabajo interinstitucional de defensores de I=I con el objetivo de integrar I=I en las pol\u00edticas, directrices y comunicaciones nacionales en zonas geogr\u00e1ficas clave y pa\u00edses del PEPFAR.<\/li>\n<li>Establecer asociaciones para avanzar en nuestras misiones compartidas con los organismos mundiales y nacionales que trabajan en el espacio de promoci\u00f3n mundial y el sector privado<\/li>\n<li>Documentar y compartir ejemplos exitosos de cambios en las pol\u00edticas nacionales, como los de Estados Unidos, Inglaterra, Canad\u00e1, Jap\u00f3n, Italia e Irlanda y los programas nacionales I=I de Vietnam, Kenia y Zambia.<\/li>\n<li>Fomentar la comunicaci\u00f3n y la colaboraci\u00f3n entre una amplia gama de partes interesadas, incluidos funcionarios de alto nivel del gobierno y de la sanidad p\u00fablica, financiadores, industria, investigadores, periodistas, organizaciones profesionales y cl\u00ednicas, y la comunidad, en colaboraci\u00f3n con el Director de Comunicaciones Globales.<\/li>\n<li>Mantenerse al d\u00eda y crear oportunidades relacionadas con el tratamiento y el acceso a las pruebas de carga viral, la criminalizaci\u00f3n del VIH y otras \u00e1reas en las que la ciencia de I=I puede abordar las desigualdades sanitarias<\/li>\n<li>Construir un equipo excepcional y diverso de defensores regionales y globales, l\u00edderes pol\u00edticos, comunicaciones y expertos en investigaci\u00f3n<\/li>\n<\/ul>\n<p><strong>REQUISITOS DEL CANDIDATO:<\/strong><\/p>\n<p>Los candidatos a este puesto deben tener una visi\u00f3n clara y pasi\u00f3n por apoyar al movimiento I=I en su continuo avance. Los candidatos seleccionados deber\u00e1n poseer las siguientes experiencias, habilidades y rasgos:<\/p>\n<ul>\n<li>M\u00e1s de 12 a\u00f1os en el \u00e1mbito de la promoci\u00f3n, la pol\u00edtica, la investigaci\u00f3n y\/o la comunidad del VIH\/SIDA.<\/li>\n<li>Relaciones con organismos mundiales y nacionales influyentes que trabajan en el espacio de promoci\u00f3n mundial, organizaciones cl\u00ednicas profesionales y \u00e1mbitos paralelos (salud sexual y reproductiva, salud de la mujer y educaci\u00f3n sanitaria)<\/li>\n<li>Excelente capacidad de comunicaci\u00f3n escrita, oral, de presentaci\u00f3n e interpersonal<\/li>\n<li>Capacidad demostrada para fomentar la colaboraci\u00f3n entre diversas partes interesadas<\/li>\n<li>Se siente c\u00f3modo representando al PAC en las relaciones con una amplia gama de partes interesadas, como investigadores, funcionarios gubernamentales y de salud p\u00fablica de alto nivel, financiadores, periodistas y la comunidad.<\/li>\n<li>Construir un equipo excepcional y diverso de defensores regionales y globales, l\u00edderes pol\u00edticos, comunicaciones y expertos en investigaci\u00f3n<\/li>\n<li>Pasi\u00f3n por el cambio de sistemas y la innovaci\u00f3n disruptiva<\/li>\n<li>Impulsados a encontrar soluciones innovadoras a las desigualdades sanitarias<\/li>\n<li>Demostrar dedicaci\u00f3n a la justicia social y a los principios antirracistas<\/li>\n<li>Amabilidad, flexibilidad, integridad y sentido del humor<\/li>\n<\/ul>\n<p><strong>UBICACION<\/strong>:<\/p>\n<p>Flexible. Se esperan viajes internacionales (hasta un 40%), en funci\u00f3n de las directrices de seguridad.<\/p>\n<p><strong>REPORTA A<\/strong>:<\/p>\n<p>Directora ejecutiva fundadora<\/p>\n<p><strong>COMPENSACI\u00d3N Y PRESTACIONES<\/strong>:<\/p>\n<p>Rango salarial: de 165,000 a 178,000 d\u00f3lares (en funci\u00f3n de la experiencia); las prestaciones incluir\u00e1n generosas vacaciones y beneficios de salud y bienestar.<\/p>\n<p><strong>ENV\u00cdE SU CARTA DE PRESENTACI\u00d3N Y SU CURR\u00cdCULUM VITAE A<\/strong>: <a href=\"mailto:careers@preventionaccess.org\">careers@preventionaccess.org<\/a><\/p>\n<p><strong>Asunto<\/strong>: DGPA<\/p>\n<p><em>La PAC se ha comprometido a crear un equipo de liderazgo que refleje la epidemia del VIH. Alentamos a los candidatos que se identifican como negros, latinos, ind\u00edgenas y otras personas de color, individuos LGBTQ (particularmente aquellos con experiencia transg\u00e9nero) y aquellos que representan poblaciones clave afectadas por la epidemia del VIH a que presenten su solicitud.<\/em><\/p>\n\r\n\r\n\r\n    <\/div>\r\n\r\n<\/section>\r\n\n<p><\/p>\n","protected":false},"excerpt":{"rendered":"","protected":false},"author":10,"featured_media":0,"parent":0,"menu_order":45,"comment_status":"closed","ping_status":"closed","template":"template-custom.blade.php","meta":{"_acf_changed":false,"inline_featured_image":false,"_themeisle_gutenberg_block_has_review":false,"footnotes":""},"class_list":["post-6815","page","type-page","status-publish","hentry"],"acf":[],"_links":{"self":[{"href":"https:\/\/preventionaccess.org\/es\/wp-json\/wp\/v2\/pages\/6815","targetHints":{"allow":["GET"]}}],"collection":[{"href":"https:\/\/preventionaccess.org\/es\/wp-json\/wp\/v2\/pages"}],"about":[{"href":"https:\/\/preventionaccess.org\/es\/wp-json\/wp\/v2\/types\/page"}],"author":[{"embeddable":true,"href":"https:\/\/preventionaccess.org\/es\/wp-json\/wp\/v2\/users\/10"}],"replies":[{"embeddable":true,"href":"https:\/\/preventionaccess.org\/es\/wp-json\/wp\/v2\/comments?post=6815"}],"version-history":[{"count":5,"href":"https:\/\/preventionaccess.org\/es\/wp-json\/wp\/v2\/pages\/6815\/revisions"}],"predecessor-version":[{"id":7000,"href":"https:\/\/preventionaccess.org\/es\/wp-json\/wp\/v2\/pages\/6815\/revisions\/7000"}],"wp:attachment":[{"href":"https:\/\/preventionaccess.org\/es\/wp-json\/wp\/v2\/media?parent=6815"}],"curies":[{"name":"wp","href":"https:\/\/api.w.org\/{rel}","templated":true}]}}