{"id":6803,"date":"2021-03-25T07:43:39","date_gmt":"2021-03-25T07:43:39","guid":{"rendered":"https:\/\/preventionaccess.org\/donation-failed\/"},"modified":"2022-03-07T04:46:56","modified_gmt":"2022-03-07T04:46:56","slug":"donation-failed","status":"publish","type":"page","link":"https:\/\/preventionaccess.org\/es\/donation-failed\/","title":{"rendered":"No fue posible realizar la donaci\u00f3n"},"content":{"rendered":"<p>Lo sentimos, no fue posible realizar el proceso de donaci\u00f3n. Por favor, int\u00e9ntelo nuevamente o p\u00f3ngase en contacto con el soporte del sitio.<\/p>\n","protected":false},"excerpt":{"rendered":"<p>Lo sentimos, no fue posible realizar el proceso de donaci\u00f3n. Por favor, int\u00e9ntelo nuevamente o p\u00f3ngase en contacto con el soporte del sitio.<\/p>\n","protected":false},"author":10,"featured_media":0,"parent":0,"menu_order":33,"comment_status":"closed","ping_status":"closed","template":"","meta":{"_acf_changed":false,"inline_featured_image":false,"_themeisle_gutenberg_block_has_review":false,"footnotes":""},"class_list":["post-6803","page","type-page","status-publish","hentry"],"acf":[],"_links":{"self":[{"href":"https:\/\/preventionaccess.org\/es\/wp-json\/wp\/v2\/pages\/6803","targetHints":{"allow":["GET"]}}],"collection":[{"href":"https:\/\/preventionaccess.org\/es\/wp-json\/wp\/v2\/pages"}],"about":[{"href":"https:\/\/preventionaccess.org\/es\/wp-json\/wp\/v2\/types\/page"}],"author":[{"embeddable":true,"href":"https:\/\/preventionaccess.org\/es\/wp-json\/wp\/v2\/users\/10"}],"replies":[{"embeddable":true,"href":"https:\/\/preventionaccess.org\/es\/wp-json\/wp\/v2\/comments?post=6803"}],"version-history":[{"count":2,"href":"https:\/\/preventionaccess.org\/es\/wp-json\/wp\/v2\/pages\/6803\/revisions"}],"predecessor-version":[{"id":6884,"href":"https:\/\/preventionaccess.org\/es\/wp-json\/wp\/v2\/pages\/6803\/revisions\/6884"}],"wp:attachment":[{"href":"https:\/\/preventionaccess.org\/es\/wp-json\/wp\/v2\/media?parent=6803"}],"curies":[{"name":"wp","href":"https:\/\/api.w.org\/{rel}","templated":true}]}}