{"id":6799,"date":"2021-03-25T07:59:16","date_gmt":"2021-03-25T07:59:16","guid":{"rendered":"https:\/\/preventionaccess.org\/donation\/"},"modified":"2022-03-07T18:43:26","modified_gmt":"2022-03-07T18:43:26","slug":"donation","status":"publish","type":"page","link":"https:\/\/preventionaccess.org\/es\/donation\/","title":{"rendered":"Donaci\u00f3n"},"content":{"rendered":"<section class=\"donation-form\">\r\n  <div class=\"container\">\r\n    <div class=\"donation-form__wrapper\">\r\n      <div class=\"donation-form__info\">\r\n        <img decoding=\"async\" class=\"donation-form__img\" src=\"https:\/\/preventionaccess.org\/wp-content\/uploads\/2021\/11\/MI_wednesday_04-The-UU-2018-dance-party_008.jpg\" alt=\"Done ahora mismo\">\r\n        <div class=\"donation-form__info-content\">\r\n          <h1 class=\"donation-form__title\">Done <span>ahora<\/span> mismo<\/h1>\r\n          <p class=\"donation-form__text\"><p>Gracias por ayudarnos a capacitar a las personas que viven con el VIH para que vivan y amen sin miedo a transmitir el VIH a sus parejas.<\/p>\n<p>Te est\u00e1s uniendo a un movimiento que transformar\u00e1 vidas y nos impulsar\u00e1 hacia el fin de la epidemia del VIH.<\/p>\n<p>La Campa\u00f1a de Acceso a la Prevenci\u00f3n est\u00e1 patrocinada fiscalmente por Emprendedores Sociales y Medioambientales (SEE), una organizaci\u00f3n ben\u00e9fica p\u00fablica 501(c)3.<\/p>\n<p>Su contribuci\u00f3n es totalmente deducible de impuestos en la medida permitida por la ley.<\/p>\n<p>Todas las donaciones son recibidas por SEE, EIN 95-4116679.<\/p>\n<\/p>\r\n        <\/div>\r\n      <\/div>\r\n      <div class=\"donation-form__description\">\r\n        <div class=\"title-donation-form\">\r\n          Donaci\u00f3n        <\/div>\r\n        <div class=\"sub-donation-form\">\r\n          Monto de donaci\u00f3n        <\/div>\r\n        [give_form id=&#8221;6843&#8243;]      <\/div>\r\n    <\/div>\r\n  <\/div>\r\n<\/section>\n\n\n<p><\/p>\n","protected":false},"excerpt":{"rendered":"","protected":false},"author":10,"featured_media":0,"parent":0,"menu_order":28,"comment_status":"closed","ping_status":"closed","template":"","meta":{"_acf_changed":false,"inline_featured_image":false,"_themeisle_gutenberg_block_has_review":false,"footnotes":""},"class_list":["post-6799","page","type-page","status-publish","hentry"],"acf":[],"_links":{"self":[{"href":"https:\/\/preventionaccess.org\/es\/wp-json\/wp\/v2\/pages\/6799","targetHints":{"allow":["GET"]}}],"collection":[{"href":"https:\/\/preventionaccess.org\/es\/wp-json\/wp\/v2\/pages"}],"about":[{"href":"https:\/\/preventionaccess.org\/es\/wp-json\/wp\/v2\/types\/page"}],"author":[{"embeddable":true,"href":"https:\/\/preventionaccess.org\/es\/wp-json\/wp\/v2\/users\/10"}],"replies":[{"embeddable":true,"href":"https:\/\/preventionaccess.org\/es\/wp-json\/wp\/v2\/comments?post=6799"}],"version-history":[{"count":12,"href":"https:\/\/preventionaccess.org\/es\/wp-json\/wp\/v2\/pages\/6799\/revisions"}],"predecessor-version":[{"id":6888,"href":"https:\/\/preventionaccess.org\/es\/wp-json\/wp\/v2\/pages\/6799\/revisions\/6888"}],"wp:attachment":[{"href":"https:\/\/preventionaccess.org\/es\/wp-json\/wp\/v2\/media?parent=6799"}],"curies":[{"name":"wp","href":"https:\/\/api.w.org\/{rel}","templated":true}]}}