{"id":6793,"date":"2021-03-17T10:14:38","date_gmt":"2021-03-17T10:14:38","guid":{"rendered":"https:\/\/preventionaccess.org\/about-introduction\/"},"modified":"2022-07-18T20:56:28","modified_gmt":"2022-07-18T20:56:28","slug":"about-introduction","status":"publish","type":"page","link":"https:\/\/preventionaccess.org\/es\/about-introduction\/","title":{"rendered":"Acerca de &#8211; Introducci\u00f3n"},"content":{"rendered":"<div class=\"photo-banner\">\r\n  <img decoding=\"async\" src=\"\" alt=\"\" class=\"photo-banner__img\">\r\n<\/div>\n\n<section class=\"section section-introduction\">\r\n  <div class=\"container\">\r\n    <h2 class=\"section-introduction__title\"><p>&#8220;Con I=I, el tratamiento del VIH ha transformado el panorama de la prevenci\u00f3n del VIH&#8221;.<em> Organizaci\u00f3n Mundial de la Salud (OMS)<\/em><\/p>\n<p>&#8220;I=I es la base para poder acabar con la epidemia&#8221;. <em>Dr. Anthony S. Fauci, Director del Instituto Nacional de Alergia y Enfermedades Infecciosas (NIAID)<\/em><\/p>\n<p>&#8220;I=I nos hace libres&#8221;.<em> Mar\u00eda Mej\u00eda, activista internacional contra el VIH<\/em><\/p>\n<\/h2>\r\n        <p class=\"section-introduction__text\"><p style=\"text-align: center;\"><span style=\"font-weight: 400;\"><strong>La Campa\u00f1a de Acceso de Prevenci\u00f3n<\/strong> (PAC) y sus socios lanzaron la campa\u00f1a I=I en 2016 para construir y comunicar un consenso sobre un hecho realmente desconocido: <em>las personas que viven con el VIH que est\u00e1n en tratamiento y tienen una carga viral indetectable no pueden transmitir el VIH sexualmente<\/em>. En la actualidad, I=I es un movimiento pr\u00f3spero y creciente dirigido por la comunidad de defensores del VIH, activistas, investigadores y m\u00e1s de 1,050 socios comunitarios de 105 pa\u00edses. Juntos, estamos cambiando lo que significa vivir y amar con el VIH en todo el mundo.<\/span><\/p>\n<p style=\"text-align: center;\">La misi\u00f3n de PAC es poner fin a la doble epidemia del VIH y al estigma relacionado con el VIH, empoderando a las personas que viven con el VIH con informaci\u00f3n precisa y significativa sobre su salud social, sexual y reproductiva. Nuestra visi\u00f3n es que I=I se convierta en un conocimiento com\u00fan y que todas las personas que viven con el VIH tengan acceso a la atenci\u00f3n y el tratamiento para lograrlo. Imaginamos un mundo en el que todas las personas con VIH puedan llevar una vida plena y saludable sin miedo a transmitir el VIH.<\/p>\n<\/p>\r\n  <\/div>\r\n<\/section>\n\n<section class=\"section c-section c-section--filled-bg\">\r\n    <div class=\"container\">\r\n        <div class=\"row\">\r\n                        <div class=\"col-12 col-md-6\">\r\n                                    <img decoding=\"async\" class=\"img-fluid\" src=\"https:\/\/preventionaccess.org\/wp-content\/uploads\/2021\/11\/PAC_UU_NoBG.png\" alt=\"\" \/>\r\n                            <\/div>\r\n            <div class=\"col-12 col-md-6 pl-5\">\r\n\r\n\r\n                                    <h2 class=\"section-wwd__title text-left\">\r\n                        <span>\u00bfQu\u00e9 es<\/span>\r\n                        I=I?                    <\/h2>\r\n                \r\n                \r\n                    <p>Cuando las personas que viven con el VIH reciben un tratamiento eficaz, <span style=\"font-weight: 400;\">se suprimir\u00e1 el virus en la sangre hasta un nivel demasiado bajo para ser medido por las pruebas de laboratorio. A esto se le denomina tener una <\/span><i><span style=\"font-weight: 400;\"><strong>carga viral <\/strong><\/span><\/i><span style=\"font-weight: 400;\">indetectable <\/span><i><span style=\"font-weight: 400;\">. <\/span><\/i><\/p>\n<p><span style=\"font-weight: 400;\">Cuando las personas que viven con el VIH est\u00e1n en tratamiento y tienen una <\/span><span style=\"font-weight: 400;\">carga viral<\/span><span style=\"font-weight: 400;\"> indetectable, protegen su propia salud <\/span><span style=\"font-weight: 400;\">y<\/span><span style=\"font-weight: 400;\"> no pueden transmitir el VIH a sus parejas sexuales. Su VIH es <\/span><em><strong>no transmisible<\/strong><\/em><span style=\"font-weight: 400;\"><em><strong>.<\/strong><\/em><\/span><\/p>\n<p><span style=\"font-weight: 400;\">PAC y nuestros socios acu\u00f1aron la frase<strong><em> Indetectable = Intransmisible<\/em><\/strong>, o <em><strong>I=I<\/strong><\/em>, para describir este concepto cient\u00edfico y la campa\u00f1a para promoverlo. <\/span><\/p>\n<p><span style=\"font-weight: 400;\">Para m\u00e1s informaci\u00f3n sobre I=I, consulte nuestras <a href=\"https:\/\/preventionaccess.org\/es\/faq\/\">preguntas frecuentes<\/a>. <\/span><\/p>\n\r\n                \r\n            <\/div>\r\n        <\/div>\r\n        <div class=\"row pt-5\">\r\n            <div class=\"col-12 col-md-6 pt-5\">\r\n\r\n                                    <h2 class=\"section-wwd__title text-left\">\r\n                        <span><p>\u00bfPor qu\u00e9 es importante <span style=\"color: #8d5d84;\">I=I<\/span>?<\/p>\n<\/span>\r\n                    <\/h2>\r\n                \r\n            <\/div>\r\n            <div class=\"col-12 col-md-6 pt-5\">\r\n                \r\n                    <p style=\"font-size: 20px;\">El mensaje I=I es una oportunidad sin precedentes para transformar la vida de millones de personas que viven y han sido afectadas por el VIH y para transformar radicalmente el campo:<\/p>\n\r\n                            <\/div>\r\n        <\/div>\r\n    <\/div>\r\n<\/section>\n\n<div id=\"b-block-block_6051d6b1d7347\" class=\"b-base-block  c-section--filled-bg\">\r\n  <section class=\"section c-section \">\r\n    <div class=\"container\">\r\n            <ul class=\"o-advantages-list\">\r\n      <li class=\"o-advantages-list__item \r\n               o-advantages-list__item--number-1\"\r\n    >\r\n      <div class=\"o-advantages-list__item-top\">\r\n                  <div class=\"o-advantages-list__item-imgwrap\"> \r\n            <img decoding=\"async\" src=\"https:\/\/preventionaccess.org\/wp-content\/uploads\/2021\/05\/1.WellBeing.png\" alt=\"img\">\r\n          <\/div>\r\n                          <strong class=\"o-advantages-list__item-text\">Bienestar de las personas que viven con el VIH<\/strong>\r\n              <\/div>\r\n              <div class=\"o-advantages-list__item-description c-typo\">\r\n          Transforma la vida social, sexual y reproductiva de las personas que viven con el VIH liber\u00e1ndolas de la verg\u00fcenza y el miedo a la transmisi\u00f3n sexual a sus parejas.\r\n        <\/div>\r\n          <\/li>\r\n      <li class=\"o-advantages-list__item \r\n               o-advantages-list__item--number-2.\"\r\n    >\r\n      <div class=\"o-advantages-list__item-top\">\r\n                  <div class=\"o-advantages-list__item-imgwrap\"> \r\n            <img decoding=\"async\" src=\"https:\/\/preventionaccess.org\/wp-content\/uploads\/2021\/05\/2.Stigma.png\" alt=\"img\">\r\n          <\/div>\r\n                          <strong class=\"o-advantages-list__item-text\">Estigma del VIH<\/strong>\r\n              <\/div>\r\n              <div class=\"o-advantages-list__item-description c-typo\">\r\n          Desmantela el estigma del VIH que ha estado destruyendo vidas e impidiendo el progreso en este campo desde el comienzo de la epidemia.\r\n        <\/div>\r\n          <\/li>\r\n      <li class=\"o-advantages-list__item \r\n               o-advantages-list__item--number-3.\"\r\n    >\r\n      <div class=\"o-advantages-list__item-top\">\r\n                  <div class=\"o-advantages-list__item-imgwrap\"> \r\n            <img decoding=\"async\" src=\"https:\/\/preventionaccess.org\/wp-content\/uploads\/2021\/05\/3.Treatment.png\" alt=\"img\">\r\n          <\/div>\r\n                          <strong class=\"o-advantages-list__item-text\">Objetivos del tratamiento<\/strong>\r\n              <\/div>\r\n              <div class=\"o-advantages-list__item-description c-typo\">\r\n          Reduce la ansiedad asociada a las pruebas y anima a las personas que viven con el VIH a seguir el tratamiento para mantenerse sanas y prevenir la transmisi\u00f3n.\r\n        <\/div>\r\n          <\/li>\r\n      <li class=\"o-advantages-list__item \r\n               o-advantages-list__item--number-4.\"\r\n    >\r\n      <div class=\"o-advantages-list__item-top\">\r\n                  <div class=\"o-advantages-list__item-imgwrap\"> \r\n            <img decoding=\"async\" src=\"https:\/\/preventionaccess.org\/wp-content\/uploads\/2021\/05\/4.Universal.png\" alt=\"img\">\r\n          <\/div>\r\n                          <strong class=\"o-advantages-list__item-text\">Acceso universal<\/strong>\r\n              <\/div>\r\n              <div class=\"o-advantages-list__item-description c-typo\">\r\n          Ofrece un argumento de salud p\u00fablica para aumentar el acceso y eliminar las barreras al tratamiento, la atenci\u00f3n y el diagn\u00f3stico para salvar vidas y prevenir nuevas transmisiones.\r\n        <\/div>\r\n          <\/li>\r\n  <\/ul>\r\n    <\/div>\r\n<\/section>\r\n<\/div>\r\n\n\n<div id=\"b-block-block_605af2d7449d4\" class=\"b-base-block \">\r\n  <section class=\"section c-section \">\r\n    <div class=\"container\">\r\n              <div class=\"c-section__top\r\n            c-section__top--grid-view\r\n        \"\r\n                     >\r\n                      <h2 class=\"c-section__top-title \">\r\n              \u00bfPor qu\u00e9 I=I a\u00fan no es ampliamente conocido? \r\n            <\/h2>\r\n                                <div class=\"c-section__top-description c-typo\"><p><span style=\"font-weight: 400\">I=I est\u00e1 radicalmente en desacuerdo con las formas de pensar establecidas. Los cambios en las actitudes, creencias y comportamientos llevan tiempo, especialmente en medicina y salud p\u00fablica y sobre todo considerando el trauma sin precedentes de la epidemia de SIDA.<\/span><\/p>\n<p><span style=\"font-weight: 400\">Despu\u00e9s de d\u00e9cadas de temores profundamente arraigados y a menudo exagerados sobre el VIH, puede ser dif\u00edcil aceptar que las personas que viven con el VIH no suponen ning\u00fan riesgo para sus parejas sexuales, incluso sin preservativos, y que pueden concebir hijos sin necesidad de medios alternativos y costosos como la inseminaci\u00f3n. El estigma y los juicios sobre el sexo y las personas asociadas al VIH siguen siendo una barrera. Aunque no es \u00e9tico que el personal de salud y otros proveedores de informaci\u00f3n act\u00faen como guardianes de la informaci\u00f3n de salud vital, una larga historia de paternalismo en la salud p\u00fablica ha despojado de su capacidad de acci\u00f3n a las personas que viven con el VIH, especialmente a las comunidades marginadas.<\/span><\/p>\n<p><span style=\"font-weight: 400\">Las campa\u00f1as de acceso a la prevenci\u00f3n y sus socios est\u00e1n cambiando esta situaci\u00f3n en todo el mundo. Creemos que todas las personas que viven con el VIH tienen derecho a una informaci\u00f3n precisa y significativa sobre su salud social, sexual y reproductiva, basada en la ciencia y no en el estigma.<\/span><\/p>\n<\/div>\r\n                  <\/div>\r\n            \r\n    <\/div>\r\n<\/section>\r\n<\/div>\r\n\n\n<div class=\"section section-download\">\r\n  <div class=\"container\">\r\n    <div class=\"section-download__wrapper\">\r\n      <div class=\"section-download__img\">\r\n        <img decoding=\"async\" src=\"https:\/\/preventionaccess.org\/wp-content\/uploads\/2022\/07\/Screen-Shot-2022-07-18-at-4.54.46-PM.png\" alt=\"\">\r\n      <\/div>\r\n      <ul class=\"download-list\">\r\n                              <li class=\"download-list__item\">\r\n              <strong class=\"download-list__title\">Acerca de la Campa\u00f1a de Acceso de Prevenci\u00f3n y I=I<\/strong>\r\n              <a href=\"https:\/\/preventionaccess.org\/wp-content\/uploads\/2021\/11\/PAC_OneSheeter_LMv3_ES.pdf\" download class=\"btn\">Descargar la hoja informativa de la PAC I=I<\/a>\r\n            <\/li>\r\n                <\/ul>\r\n    <\/div>\r\n  <\/div>\r\n<\/div>","protected":false},"excerpt":{"rendered":"","protected":false},"author":10,"featured_media":0,"parent":0,"menu_order":21,"comment_status":"closed","ping_status":"closed","template":"","meta":{"_acf_changed":false,"inline_featured_image":false,"_themeisle_gutenberg_block_has_review":false,"footnotes":""},"class_list":["post-6793","page","type-page","status-publish","hentry"],"acf":[],"_links":{"self":[{"href":"https:\/\/preventionaccess.org\/es\/wp-json\/wp\/v2\/pages\/6793","targetHints":{"allow":["GET"]}}],"collection":[{"href":"https:\/\/preventionaccess.org\/es\/wp-json\/wp\/v2\/pages"}],"about":[{"href":"https:\/\/preventionaccess.org\/es\/wp-json\/wp\/v2\/types\/page"}],"author":[{"embeddable":true,"href":"https:\/\/preventionaccess.org\/es\/wp-json\/wp\/v2\/users\/10"}],"replies":[{"embeddable":true,"href":"https:\/\/preventionaccess.org\/es\/wp-json\/wp\/v2\/comments?post=6793"}],"version-history":[{"count":19,"href":"https:\/\/preventionaccess.org\/es\/wp-json\/wp\/v2\/pages\/6793\/revisions"}],"predecessor-version":[{"id":8250,"href":"https:\/\/preventionaccess.org\/es\/wp-json\/wp\/v2\/pages\/6793\/revisions\/8250"}],"wp:attachment":[{"href":"https:\/\/preventionaccess.org\/es\/wp-json\/wp\/v2\/media?parent=6793"}],"curies":[{"name":"wp","href":"https:\/\/api.w.org\/{rel}","templated":true}]}}