{"id":6789,"date":"2021-11-17T02:09:19","date_gmt":"2021-11-17T02:09:19","guid":{"rendered":"https:\/\/preventionaccess.org\/uu-africa\/"},"modified":"2022-03-06T18:49:38","modified_gmt":"2022-03-06T18:49:38","slug":"uu-africa","status":"publish","type":"page","link":"https:\/\/preventionaccess.org\/es\/uu-africa\/","title":{"rendered":"U=U Africa"},"content":{"rendered":"<section class=\"section c-section c-section--filled-bg\">\r\n    <div class=\"container\">\r\n        <div class=\"row\">\r\n            <div class=\"col-12 col-md-5 pt-5\">\r\n                <h2 class=\"section-wwd__title text-left\">\r\n                    <span>\r\n                        <p><span style=\"color: #BD883E\">U=U<\/span> Africa<\/p>\n                    <\/span>\r\n                <\/h2>\r\n            <\/div>\r\n            <div class=\"col-12 col-md-7 pt-5 section-programs__text\">\r\n                <p>U=U \u00c1frica es un poderoso y creciente movimiento social dirigido por personas que viven con el VIH en todo el continente.<\/p>\n            <\/div>\r\n        <\/div>\r\n\r\n        <div class=\"row\">\r\n            <div class=\"col-12 pt-5\">\r\n                            <\/div>\r\n\r\n        <\/div>\r\n\r\n    <\/div>\r\n\r\n<\/section>\n<div class=\"wp-block-columns container c-section is-layout-flex wp-container-core-columns-is-layout-9d6595d7 wp-block-columns-is-layout-flex\">\n<div class=\"wp-block-column is-layout-flow wp-block-column-is-layout-flow\" style=\"flex-basis:50%\">\n<p class=\"has-medium-font-size\">PAC y sus socios africanos CEYOHO en Botsuana, HIV Survivors and Partners Network (HSPN) en Sud\u00e1frica, y Love to Love Organization en Uganda formaron la Colaboraci\u00f3n U=U \u00c1frica (UAC) en 2021 para estimular y apoyar los programas U=U en \u00c1frica. El CAU comparte ideas y fomenta la colaboraci\u00f3n en pa\u00edses y regiones donde los socios nacionales han expresado su necesidad de apoyo para desarrollar programas sostenibles y aut\u00e9nticos relacionados con U=U.<\/p>\n\n\n\n<p class=\"has-medium-font-size\">El CAU produjo el Foro virtual de &#8220;Mejores Pr\u00e1cticas&#8221; de U=U \u00c1frica, bas\u00e1ndose en la conferencia y marcha U=U de la Organizaci\u00f3n Love to Love en Uganda en 2019, y en la conferencia U=U de CEYOHO en 2020. El foro, de dos horas de duraci\u00f3n, se centr\u00f3 en las comunicaciones de U=U y se dirigi\u00f3 principalmente a las partes interesadas que operan actualmente en U=U<\/p>\n<\/div>\n\n\n\n<div class=\"wp-block-column is-layout-flow wp-block-column-is-layout-flow\" style=\"flex-basis:50%\">\n<p class=\"has-medium-font-size\">programas de educaci\u00f3n en \u00c1frica. Los objetivos eran compartir las lecciones aprendidas e identificar los programas y las personas del continente que est\u00e1n haciendo el trabajo de U=U para que podamos movilizar a las partes interesadas y seguir construyendo el movimiento U=U \u00c1frica. Este fue el primero de una serie de foros para estimular y apoyar los movimientos U=U africanos a nivel nacional y regional, y proporcionar a los socios herramientas y orientaciones pr\u00e1cticas.<\/p>\n\n\n\n<p class=\"has-medium-font-size\">Como primera colaboraci\u00f3n regional de U=U, el FAU sirve de piloto para los socios que deseen formar colaboraciones en otras regiones. Para obtener m\u00e1s informaci\u00f3n o unirse al movimiento U=U \u00c1frica, p\u00f3ngase en contacto con UequalsUAfrica@preventionaccess.org<\/p>\n<\/div>\n<\/div>\n\n<div class=\"wp-block-columns container is-layout-flex wp-container-core-columns-is-layout-9d6595d7 wp-block-columns-is-layout-flex\">\n<div class=\"wp-block-column is-layout-flow wp-block-column-is-layout-flow\">\n<div class=\"wp-block-image img-fluid\"><figure class=\"aligncenter size-full\"><img loading=\"lazy\" decoding=\"async\" width=\"960\" height=\"514\" src=\"https:\/\/preventionaccess.org\/wp-content\/uploads\/2021\/11\/Recurso-1.png\" alt=\"\" class=\"wp-image-4930\" srcset=\"https:\/\/preventionaccess.org\/wp-content\/uploads\/2021\/11\/Recurso-1.png 960w, https:\/\/preventionaccess.org\/wp-content\/uploads\/2021\/11\/Recurso-1-300x161.png 300w, https:\/\/preventionaccess.org\/wp-content\/uploads\/2021\/11\/Recurso-1-768x411.png 768w\" sizes=\"auto, (max-width: 960px) 100vw, 960px\" \/><\/figure><\/div>\n<\/div>\n<\/div>\n\n<div class=\"wp-block-columns container my-5 is-layout-flex wp-container-core-columns-is-layout-9d6595d7 wp-block-columns-is-layout-flex\">\n<div class=\"wp-block-column is-layout-flow wp-block-column-is-layout-flow\">\n<hr class=\"wp-block-separator has-text-color has-background is-style-wide\" style=\"background-color:#767676;color:#767676\"\/>\n<\/div>\n<\/div>\n\n<div class=\"wp-block-columns container is-layout-flex wp-container-core-columns-is-layout-9d6595d7 wp-block-columns-is-layout-flex\">\n<div class=\"wp-block-column is-layout-flow wp-block-column-is-layout-flow\">\n<p class=\"section-wwd__title text-left pb-4 has-text-color\" style=\"color:#000000;font-size:54px\"><\/p>\n\n\n\n<figure class=\"wp-block-image size-full\"><img loading=\"lazy\" decoding=\"async\" width=\"379\" height=\"265\" src=\"https:\/\/preventionaccess.org\/wp-content\/uploads\/2021\/11\/UU-AFRICA-FORUM-2-1.png\" alt=\"\" class=\"wp-image-5139\" srcset=\"https:\/\/preventionaccess.org\/wp-content\/uploads\/2021\/11\/UU-AFRICA-FORUM-2-1.png 379w, https:\/\/preventionaccess.org\/wp-content\/uploads\/2021\/11\/UU-AFRICA-FORUM-2-1-300x210.png 300w\" sizes=\"auto, (max-width: 379px) 100vw, 379px\" \/><\/figure>\n<\/div>\n\n\n\n<div class=\"wp-block-column is-layout-flow wp-block-column-is-layout-flow\">\n<p style=\"font-size:18px\">El FAU produjo el Foro virtual de &#8220;Mejores Pr\u00e1cticas&#8221; de U=U \u00c1frica bas\u00e1ndose en la conferencia y marcha U=U de la Organizaci\u00f3n Love to Love en Uganda en 2019 y la conferencia U=U de CEYOHO en 2020.<\/p>\n\n\n\n<p style=\"font-size:18px\">El seminario web sobre comunicaciones de U=U, de dos horas de duraci\u00f3n, estaba dirigido principalmente a las partes interesadas que actualmente llevan a cabo programas educativos de U=U en \u00c1frica. Compartimos ejemplos y lecciones aprendidas de la comunidad, el gobierno y los organismos de ejecuci\u00f3n que llevan a cabo el trabajo de comunicaci\u00f3n U=U y movilizamos a las partes interesadas para seguir construyendo el movimiento U=U \u00c1frica. <\/p>\n\n\n\n<p style=\"font-size:18px\">La grabaci\u00f3n, el informe y las diapositivas se distribuyeron a la lista de la red U=U \u00c1frica. Si tiene ideas para futuros seminarios web, nos encantar\u00eda conocerlas.<\/p>\n<\/div>\n<\/div>\n\n<p><\/p>\n","protected":false},"excerpt":{"rendered":"<p>PAC y sus socios africanos CEYOHO en Botsuana, HIV Survivors and Partners Network (HSPN) en Sud\u00e1frica, y Love to Love Organization en Uganda formaron la Colaboraci\u00f3n U=U \u00c1frica (UAC) en 2021 para estimular y apoyar los programas U=U en \u00c1frica. El CAU comparte ideas y fomenta la colaboraci\u00f3n en pa\u00edses y regiones donde los socios &hellip; <a href=\"https:\/\/preventionaccess.org\/es\/uu-africa\/\">Continued<\/a><\/p>\n","protected":false},"author":10,"featured_media":0,"parent":0,"menu_order":17,"comment_status":"closed","ping_status":"closed","template":"","meta":{"_acf_changed":false,"inline_featured_image":false,"_themeisle_gutenberg_block_has_review":false,"footnotes":""},"class_list":["post-6789","page","type-page","status-publish","hentry"],"acf":[],"_links":{"self":[{"href":"https:\/\/preventionaccess.org\/es\/wp-json\/wp\/v2\/pages\/6789","targetHints":{"allow":["GET"]}}],"collection":[{"href":"https:\/\/preventionaccess.org\/es\/wp-json\/wp\/v2\/pages"}],"about":[{"href":"https:\/\/preventionaccess.org\/es\/wp-json\/wp\/v2\/types\/page"}],"author":[{"embeddable":true,"href":"https:\/\/preventionaccess.org\/es\/wp-json\/wp\/v2\/users\/10"}],"replies":[{"embeddable":true,"href":"https:\/\/preventionaccess.org\/es\/wp-json\/wp\/v2\/comments?post=6789"}],"version-history":[{"count":3,"href":"https:\/\/preventionaccess.org\/es\/wp-json\/wp\/v2\/pages\/6789\/revisions"}],"predecessor-version":[{"id":6858,"href":"https:\/\/preventionaccess.org\/es\/wp-json\/wp\/v2\/pages\/6789\/revisions\/6858"}],"wp:attachment":[{"href":"https:\/\/preventionaccess.org\/es\/wp-json\/wp\/v2\/media?parent=6789"}],"curies":[{"name":"wp","href":"https:\/\/api.w.org\/{rel}","templated":true}]}}