{"id":6765,"date":"2021-07-15T15:50:37","date_gmt":"2021-07-15T15:50:37","guid":{"rendered":"https:\/\/preventionaccess.org\/what-we-do\/"},"modified":"2022-03-12T15:17:57","modified_gmt":"2022-03-12T15:17:57","slug":"que-hacemos","status":"publish","type":"page","link":"https:\/\/preventionaccess.org\/es\/que-hacemos\/","title":{"rendered":"\u00bfQu\u00e9 es lo que hacemos?"},"content":{"rendered":"<div class=\"photo-banner\">\r\n  <img decoding=\"async\" src=\"https:\/\/preventionaccess.org\/wp-content\/uploads\/2021\/07\/Jk5WTyUh7bA-e1626657198425.jpg\" alt=\"\" class=\"photo-banner__img\">\r\n<\/div><div class=\"section section-wwd\">\r\n  <div class=\"container\">\r\n    \r\n          <h2 class=\"section-wwd__title\">\r\n        <span>\u00bfQu\u00e9 es lo que <\/span>\r\n        hacemos?      <\/h2>\r\n    \r\n          <h2 class=\"section-wwd__subtitle\">\r\n        El trabajo de promoci\u00f3n, educaci\u00f3n y comunicaci\u00f3n de la Campa\u00f1a de Acceso a la Prevenci\u00f3n ha dado lugar a cambios hist\u00f3ricos a nivel mundial en las evaluaciones oficiales del riesgo de transmisi\u00f3n sexual del VIH. Juntos, estamos cambiando la narrativa sobre vivir y amar con el VIH.      <\/h2>\r\n      <\/div>\r\n<\/div>  <div class=\"section section-wwd section-wwd--last\">\r\n    <div class=\"container\">\r\n                      <div id=\"Defendemos nuestros derechos\" class=\"section-wwd__container\">\r\n          <div class=\"section-wwd__column\">\r\n                          <h2>Defendemos nuestros derechos<\/h2>\r\n                                      <img decoding=\"async\" src=\"https:\/\/preventionaccess.org\/wp-content\/uploads\/2021\/11\/IMG_4733.jpg\">\r\n                      <\/div>\r\n                      <div class=\"section-wwd__column\">\r\n              <div class=\"section-wwd__text\">\r\n                                                    <div class=\"section-wwd__inner\"  data-collapsed >\r\n                                          <h3 class=\"section-wwd__inner-title\">\r\n                        Defendemos nuestros derechos                      <\/h3>\r\n                                                              <div class=\"section-wwd__inner-text is-collapsed\"  data-collapsed-element >\r\n                        <div><p><span style=\"font-weight: 400\">La defensa colaborativa de la PAC ha dado lugar a cambios globales hist\u00f3ricos en la evaluaci\u00f3n oficial del riesgo de transmisi\u00f3n del VIH. Estos cambios est\u00e1n transformando la vida de millones de personas que viven con el VIH, de sus parejas y del sector. En estrecha colaboraci\u00f3n con l\u00edderes influyentes a todos los niveles, desde las bases hasta el gobierno y el mundo, trabajamos para lograr cambios sist\u00e9micos que mejoren la calidad de vida de las personas que viven con el VIH y refuercen los esfuerzos para acabar con la epidemia. <\/span><\/p>\n<p><span style=\"font-weight: 400\">La PAC apoya a sus socios en el pa\u00eds a la hora de trasladar a los ministerios de salud y a otros organismos m\u00e9dicos, de investigaci\u00f3n y de salud p\u00fablica influyentes: <\/span><\/p>\n<ul>\n<li>aplicar pol\u00edticas para reducir los obst\u00e1culos al tratamiento, la atenci\u00f3n y el diagn\u00f3stico para mejorar la salud personal <em>y<\/em> p\u00fablica<\/li>\n<li>integrar la ciencia I=I en las directrices y comunicaciones oficiales sobre el VIH<\/li>\n<li>promover y\/o exigir la educaci\u00f3n I=I en sus pa\u00edses\/regiones<\/li>\n<li>desarrollar estrategias nacionales para programas I=I sostenibles y eficaces en todo el pa\u00eds<\/li>\n<\/ul>\n<p>I=I a\u00f1ade una raz\u00f3n esencial de &#8220;salud p\u00fablica&#8221; en nuestra defensa. Cuando las personas que viven con el VIH tienen el tratamiento, la atenci\u00f3n y los servicios que necesitan para mantenerse indetectables, se mantienen sanas y no pueden transmitir el VIH a trav\u00e9s de las relaciones sexuales. <span style=\"font-weight: 400\">Por lo tanto, el tratamiento, la atenci\u00f3n y los servicios para los individuos tambi\u00e9n son buenos para la salud p\u00fablica de la comunidad. La PAC y sus socios est\u00e1n reforzando la narrativa global de defensa promoviendo el razonamiento de salud p\u00fablica I=I como una herramienta esencial en la lucha por el acceso universal al tratamiento y la atenci\u00f3n. Para m\u00e1s informaci\u00f3n sobre el uso de I=I en la pol\u00edtica y la defensa de la salud p\u00fablica, v\u00e9ase <a href=\"https:\/\/preventionaccess.org\/wp-content\/uploads\/2021\/03\/UU-Public-Health-Benefits.pdf\">I=I Beneficios para la salud p\u00fablica.<\/a> <\/span><\/p>\n<\/div>\r\n                      <\/div>\r\n                                        <a class=\"c-more-link\" href=\"#\" data-collapsed-toogler>\r\n  Ver m\u00e1s\r\n<\/a>                  <\/div>\r\n                                                    <div class=\"section-wwd__inner\" >\r\n                                          <h3 class=\"section-wwd__inner-title\">\r\n                        Activismo                      <\/h3>\r\n                                                              <div class=\"section-wwd__inner-text section-wwd__inner-text--disabled\" >\r\n                        <div><p><span style=\"font-weight: 400\">Adem\u00e1s de la promoci\u00f3n, la PAC y sus socios influyen en los principales l\u00edderes e instituciones organizando manifestaciones en vivo y virtuales en todo el mundo. Aunque la mayor parte de nuestro trabajo se ha desarrollado en el plano de las discusiones diplom\u00e1ticas, algunas de nuestras estrategias, especialmente en la fase inicial, han incluido t\u00e1cticas de activismo m\u00e1s p\u00fablico para responsabilizar a las partes interesadas y presionarlas para que act\u00faen.<\/span><\/p>\n<\/div>\r\n                      <\/div>\r\n                                                          <\/div>\r\n                              <\/div>\r\n            <\/div>\r\n                  <\/div>\r\n                      <div id=\"Educaci\u00f3n\" class=\"section-wwd__container\">\r\n          <div class=\"section-wwd__column\">\r\n                          <h2>Educaci\u00f3n<\/h2>\r\n                                      <img decoding=\"async\" src=\"https:\/\/preventionaccess.org\/wp-content\/uploads\/2021\/11\/Screen-Shot-2021-11-16-at-4.12.55-PM.png\">\r\n                      <\/div>\r\n                      <div class=\"section-wwd__column\">\r\n              <div class=\"section-wwd__text\">\r\n                                                    <div class=\"section-wwd__inner\" >\r\n                                          <h3 class=\"section-wwd__inner-title\">\r\n                        Intercambio de conocimientos                      <\/h3>\r\n                                                              <div class=\"section-wwd__inner-text section-wwd__inner-text--disabled\" >\r\n                        <div><p><span style=\"font-weight: 400\">En colaboraci\u00f3n con los socios e investigadores de I=I, ofrecemos formaci\u00f3n y apoyo t\u00e9cnico a las organizaciones de la sociedad civil, los ministerios de sanidad, la industria privada y otras partes interesadas en una serie de \u00e1reas que incluyen:<\/span><\/p>\n<ul>\n<li style=\"font-weight: 400\"><span style=\"font-weight: 400\">Comunicaciones efectivas I=I<\/span><\/li>\n<li style=\"font-weight: 400\"><span style=\"font-weight: 400\">Llevar I=I a gran escala: Lecciones aprendidas de los programas I=I a nivel nacional<\/span><\/li>\n<li style=\"font-weight: 400\"><span style=\"font-weight: 400\">Historia del mensaje y del movimiento I=I<\/span><\/li>\n<li style=\"font-weight: 400\"><span style=\"font-weight: 400\">Comprender la ciencia en la que se basa I=I<\/span><\/li>\n<li style=\"font-weight: 400\"><span style=\"font-weight: 400\">Incorporaci\u00f3n de I=I en las estrategias para acabar con la epidemia de VIH <\/span><\/li>\n<li style=\"font-weight: 400\"><span style=\"font-weight: 400\">I=I para los profesionales de la salud<\/span><\/li>\n<li style=\"font-weight: 400\"><span style=\"font-weight: 400\">I=I como respuesta al estigma<\/span><\/li>\n<li style=\"font-weight: 400\"><span style=\"font-weight: 400\">I=I en el contexto del derecho penal<\/span><\/li>\n<li style=\"font-weight: 400\"><span style=\"font-weight: 400\">I=I y las mujeres<\/span><\/li>\n<li style=\"font-weight: 400\"><span style=\"font-weight: 400\">I=I y las personas que consumen drogas<\/span><\/li>\n<li style=\"font-weight: 400\"><span style=\"font-weight: 400\">I=I en la comunidad transg\u00e9nero<\/span><\/li>\n<li style=\"font-weight: 400\"><span style=\"font-weight: 400\">El VIH en los medios de comunicaci\u00f3n: Formaci\u00f3n para periodistas<\/span><\/li>\n<li style=\"font-weight: 400\"><span style=\"font-weight: 400\">Superar los retos de la implementaci\u00f3n de I=I<\/span><\/li>\n<li style=\"font-weight: 400\"><span style=\"font-weight: 400\">Formaci\u00f3n espec\u00edfica para cada pa\u00eds y comunidad<\/span><\/li>\n<\/ul>\n<p><span style=\"font-weight: 400\">P\u00f3ngase en contacto con <a href=\"mailto:%20cameron@preventionaccess.org\">Cameron Kinker<\/a> para explorar c\u00f3mo el PAC puede apoyar sus objetivos de educaci\u00f3n e implementaci\u00f3n. <\/span><\/p>\n<\/div>\r\n                      <\/div>\r\n                                                          <\/div>\r\n                                                    <div class=\"section-wwd__inner\"  data-collapsed >\r\n                                          <h3 class=\"section-wwd__inner-title\">\r\n                        Centro de recursos I=I                       <\/h3>\r\n                                                              <div class=\"section-wwd__inner-text is-collapsed\"  data-collapsed-element >\r\n                        <div><p>Nuestro <a href=\"https:\/\/preventionaccess.org\/?page_id=97\">Centro de Recursos I=I<\/a><span style=\"font-weight: 400\"> ofrece oportunidades para aprender y educar sobre I=I, incluyendo herramientas y materiales descargables de los socios de I=I sobre todos los aspectos de I=I. El Centro de Recursos incluye una base de datos que permite realizar b\u00fasquedas y destaca los sitios web, gr\u00e1ficos y v\u00eddeos de I=I. Actualizaremos continuamente el Centro de Recursos<\/span> mientras desarrollamos y conservamos recursos con socios de I=I en todo el mundo. Por favor, p\u00f3ngase en <a href=\"https:\/\/preventionaccess.org\/es\/?page_id=6797\">contacto con nosotros<\/a> si tiene alg\u00fan comentario sobre el Centro de Recursos I=I o si tiene sugerencias sobre recursos adicionales. \u00a1Apreciamos su opini\u00f3n!<\/p>\n<\/div>\r\n                      <\/div>\r\n                                        <a class=\"c-more-link\" href=\"#\" data-collapsed-toogler>\r\n  Ver m\u00e1s\r\n<\/a>                  <\/div>\r\n                              <\/div>\r\n            <\/div>\r\n                  <\/div>\r\n                      <div id=\"Comunicaci\u00f3n\" class=\"section-wwd__container\">\r\n          <div class=\"section-wwd__column\">\r\n                          <h2>Comunicaci\u00f3n<\/h2>\r\n                                      <img decoding=\"async\" src=\"https:\/\/preventionaccess.org\/wp-content\/uploads\/2021\/07\/Copy-of-IMG_1306.jpeg\">\r\n                      <\/div>\r\n                      <div class=\"section-wwd__column\">\r\n              <div class=\"section-wwd__text\">\r\n                                                    <div class=\"section-wwd__inner\"  data-collapsed >\r\n                                          <h3 class=\"section-wwd__inner-title\">\r\n                        Marca                      <\/h3>\r\n                                                              <div class=\"section-wwd__inner-text is-collapsed\"  data-collapsed-element >\r\n                        <div><p><span style=\"font-weight: 400\">La Campa\u00f1a de Acceso a la Prevenci\u00f3n, junto con el periodista activista Gus Cairns, investigadores y defensores de la comunidad, idearon los esl\u00f3ganes &#8220;Indetectable = Intransmisible&#8221; y &#8220;U=U&#8221; como formas prescriptivas y descriptivas de describir f\u00e1cilmente la ciencia de la transmisi\u00f3n del VIH cuando una persona con VIH est\u00e1 viralmente suprimida. La frase se basa en el Tratamiento como Prevenci\u00f3n (TasP), creado por Julio Montaner en 2006, y en m\u00e1s de veinte a\u00f1os de investigaci\u00f3n. <\/span><\/p>\n<ul>\n<li><span style=\"font-weight: 400\"><em>I=I es prescriptivo:<\/em> Indica el nivel de supresi\u00f3n viral requerido: indetectable. <\/span><\/li>\n<li><span style=\"font-weight: 400\"><em>I=I es descriptivo:<\/em>Describe la reducci\u00f3n del riesgo de transmisi\u00f3n: intransmisible. <\/span><\/li>\n<li><em>I=I es empoderamiento:<\/em>I=I se ha convertido en un grito de guerra para el empoderamiento de las personas que viven con el VIH en todo el mundo. I=I ha fomentado la esperanza, la intimidad y la libertad de las personas que viven con el VIH, algunas por primera vez desde el diagn\u00f3stico.<\/li>\n<\/ul>\n<p><span style=\"font-weight: 400\">PAC no ha registrado intencionadamente la marca I=I. Nuestra visi\u00f3n desde el principio fue que la gente de todo el mundo sintiera que I=I les pertenece. \u00a1Nos encanta que esto sea una realidad! <\/span><\/p>\n<p><span style=\"font-weight: 400\">El mensaje se ha traducido a al menos cincuenta idiomas. Por ejemplo, U=U es I=I en Espa\u00f1a, Argentina y Brasil; B=B en Turqu\u00eda; N=N en Holanda y Alemania; M=M e I=I en Venezuela; H=H en Rusia; O=O en Uganda y Noruega; S=S en Zambia; K=K en Vietnam y muchos m\u00e1s. <\/span><\/p>\n<p><span style=\"font-weight: 400\">I=I es reconocida en los comunicados oficiales de las principales instituciones m\u00e9dicas, de investigaci\u00f3n y de salud p\u00fablica del mundo, como la OMS, el PEPFAR, los CDC, el ONUSIDA, la USAID, la Asamblea General de las Naciones Unidas, y en las directrices de tratamiento del VIH de muchos ministerios de salud. <\/span><\/p>\n<p><span style=\"font-weight: 400\">Muy pocas marcas, si es que hay alguna, llegan org\u00e1nicamente a m\u00e1s de 100 pa\u00edses y son aceptadas globalmente e institucionalizadas en pocos a\u00f1os. Esto es un testimonio del poder de la ciencia y de las personas que viven con el VIH. <\/span><\/p>\n<\/div>\r\n                      <\/div>\r\n                                        <a class=\"c-more-link\" href=\"#\" data-collapsed-toogler>\r\n  Ver m\u00e1s\r\n<\/a>                  <\/div>\r\n                                                    <div class=\"section-wwd__inner\"  data-collapsed >\r\n                                          <h3 class=\"section-wwd__inner-title\">\r\n                        Marketing social                      <\/h3>\r\n                                                              <div class=\"section-wwd__inner-text is-collapsed\"  data-collapsed-element >\r\n                        <div><p><span style=\"font-weight: 400\">Nuestro objetivo es facilitar a cualquiera la educaci\u00f3n sobre I=I.<\/span><\/p>\n<p><span style=\"font-weight: 400\"> Compartimos campa\u00f1as de marketing social y fomentamos la colaboraci\u00f3n para maximizar la eficiencia de los recursos de nuestros socios y evitar reinventar la rueda, especialmente en aquellas organizaciones con recursos limitados. Nuestro Centro de Recursos I=I incluye ejemplos compartibles y descargables de campa\u00f1as y materiales de marketing social I=I. <\/span><\/p>\n<p><span style=\"font-weight: 400\">En 2018, nos asociamos con ViiV Healthcare para abordar la falta de campa\u00f1as accesibles de I=I en los Estados Unidos, creando <a href=\"http:\/\/www.positiveseries.org\">Series+<\/a>, una campa\u00f1a innovadora, creativa y f\u00e1cilmente personalizable para educar sobre I=I y fomentar el compromiso con el cuidado. Series+ permite a las organizaciones sentirse due\u00f1as de la campa\u00f1a a\u00f1adiendo su logotipo y personalizando el contenido. <\/span><\/p>\n<p><span style=\"font-weight: 400\">El movimiento mundial I=I prospera en las redes sociales, especialmente en Twitter. Impulsado por el PAC, el hashtag <a href=\"https:\/\/www.google.com\/search?q=%23UequalsU&amp;rlz=1C1RXQR_enUS930US930&amp;sxsrf=AOaemvKUtTWwxPmetU0xgp7pOWj7h6i05A:1632762947831&amp;source=lnms&amp;tbm=isch&amp;sa=X&amp;ved=2ahUKEwinnYf805_zAhXwEVkFHQXlB7sQ_AUoA3oECAEQBQ&amp;biw=1716&amp;bih=947&amp;dpr=1.5\">#UequalsU<\/a> ayuda a conectar, inspirar y educar a personas de todo el mundo.<\/span><\/p>\n<\/div>\r\n                      <\/div>\r\n                                        <a class=\"c-more-link\" href=\"#\" data-collapsed-toogler>\r\n  Ver m\u00e1s\r\n<\/a>                  <\/div>\r\n                                                    <div class=\"section-wwd__inner\" >\r\n                                          <h3 class=\"section-wwd__inner-title\">\r\n                        Monitoreo de la mensajer\u00eda                      <\/h3>\r\n                                                              <div class=\"section-wwd__inner-text section-wwd__inner-text--disabled\" >\r\n                        <div><p>La PAC supervisa a los proveedores de informaci\u00f3n, incluidos los medios de comunicaci\u00f3n especializados y de gran difusi\u00f3n, para garantizar que las descripciones del riesgo de transmisi\u00f3n del VIH reflejen la ciencia actual de I=I. PAC ha corregido con \u00e9xito el lenguaje de muchos proveedores de informaci\u00f3n sobre el VIH a nivel estatal, nacional y mundial, as\u00ed como art\u00edculos en publicaciones como Newsweek, VOX, US Magazine, Orlando Sentinel, Minneapolis Post, St.<\/p>\n<\/div>\r\n                      <\/div>\r\n                                                          <\/div>\r\n                              <\/div>\r\n            <\/div>\r\n                  <\/div>\r\n          <\/div>\r\n  <\/div>\r\n","protected":false},"excerpt":{"rendered":"","protected":false},"author":10,"featured_media":0,"parent":0,"menu_order":58,"comment_status":"closed","ping_status":"closed","template":"","meta":{"_acf_changed":false,"inline_featured_image":false,"_themeisle_gutenberg_block_has_review":false,"footnotes":""},"class_list":["post-6765","page","type-page","status-publish","hentry"],"acf":[],"_links":{"self":[{"href":"https:\/\/preventionaccess.org\/es\/wp-json\/wp\/v2\/pages\/6765","targetHints":{"allow":["GET"]}}],"collection":[{"href":"https:\/\/preventionaccess.org\/es\/wp-json\/wp\/v2\/pages"}],"about":[{"href":"https:\/\/preventionaccess.org\/es\/wp-json\/wp\/v2\/types\/page"}],"author":[{"embeddable":true,"href":"https:\/\/preventionaccess.org\/es\/wp-json\/wp\/v2\/users\/10"}],"replies":[{"embeddable":true,"href":"https:\/\/preventionaccess.org\/es\/wp-json\/wp\/v2\/comments?post=6765"}],"version-history":[{"count":13,"href":"https:\/\/preventionaccess.org\/es\/wp-json\/wp\/v2\/pages\/6765\/revisions"}],"predecessor-version":[{"id":6989,"href":"https:\/\/preventionaccess.org\/es\/wp-json\/wp\/v2\/pages\/6765\/revisions\/6989"}],"wp:attachment":[{"href":"https:\/\/preventionaccess.org\/es\/wp-json\/wp\/v2\/media?parent=6765"}],"curies":[{"name":"wp","href":"https:\/\/api.w.org\/{rel}","templated":true}]}}