{"id":5757,"date":"2021-02-23T11:52:22","date_gmt":"2021-02-23T11:52:22","guid":{"rendered":"https:\/\/preventionaccess.org\/front-page\/"},"modified":"2022-03-15T13:03:28","modified_gmt":"2022-03-15T13:03:28","slug":"front-page","status":"publish","type":"page","link":"https:\/\/preventionaccess.org\/es\/","title":{"rendered":"Inicio"},"content":{"rendered":"<section class=\"section section-video\">\r\n  <div class=\"section-video__wrapper\">\r\n    <div class=\"section-video__content-wrapp\">\r\n      <div class=\"section-video__content\">\r\n        <div class=\"section-video__content-inner\">\r\n          <h1 class=\"section-video__title\">Indetectable = Intransmisible<\/h1>\r\n\r\n                    <div class=\"section-video__video mobile\" data-video-container>\r\n            <video id=\"site-video-mobile\" autoplay=\"\" muted=\"\" loop=\"\" playsinline=\"\" aria-label=\"Video\" data-video>\r\n              <source src=\"https:\/\/preventionaccess.org\/wp-content\/uploads\/2021\/11\/PAC-website-video-v12-720.mov\" type=\"video\/mp4\">\r\n            <\/video>\r\n            <button class=\"btn-video play\" data-video-button>\r\n              <span><\/span>\r\n              <span><\/span>\r\n            <\/button>\r\n          <\/div>\r\n\r\n          <strong class=\"section-video__subtitle\"><p>La revoluci\u00f3n de vivir y amar con el VIH<\/p>\n<\/strong>\r\n          <!--p class=\"section-video__text\">Todas las personas que viven con el VIH tienen derecho a una informaci\u00f3n precisa y significativa sobre su salud social, sexual y reproductiva.<\/p-->\r\n          <!--a href=\"https:\/\/preventionaccess.org\/community\/\" class=\"btn btn--large\"><\/a-->\r\n          \r\n          <!--p class=\"section-video__descr\"><span>Las personas que viven con el VIH que est\u00e1n en tratamiento y tienen una carga viral indetectable<\/span>no pueden transmitir el VIH por v\u00eda sexual <\/p-->\r\n          <!--a href=\"https:\/\/preventionaccess.org\/community\/\" class=\"btn btn--large\"><\/a-->\r\n          <!--a href=\"\" class=\"btn btn--large\"><\/a-->\r\n        <\/div>\r\n      <\/div>\r\n    <\/div>\r\n        <div class=\"section-video__video desktop\" data-video-container>\r\n      <video id=\"site-video\" autoplay=\"\" muted=\"\" loop=\"\" playsinline=\"\" aria-label=\"Video\" data-video>\r\n        <source src=\"https:\/\/preventionaccess.org\/wp-content\/uploads\/2021\/11\/PAC-website-video-v12-720.mov\" type=\"video\/mp4\">\r\n      <\/video>\r\n      <button class=\"btn-video play\" data-video-button>\r\n        <span><\/span>\r\n        <span><\/span>\r\n      <\/button>\r\n    <\/div>\r\n  <\/div>\r\n<\/section>\n\n\n<section class=\"wp-block-group has-background\" style=\"background-color:#faf7f2\"><div class=\"wp-block-group__inner-container is-layout-flow wp-block-group-is-layout-flow\">\n<h2 class=\"has-text-align-center has-text-color has-huge-font-size wp-block-heading\" id=\"undetectable-untransmittable\" style=\"color:#589285\">Indetectable = Intransmisible<\/h2>\n\n\n\n<p class=\"has-text-align-center has-medium-font-size\"><strong>Una persona que vive con el VIH que est\u00e1 en tratamiento y tiene una carga viral<br> indetectable no puede transmitir<\/strong> <strong>sexualmente el VIH.<\/strong><\/p>\n<\/div><\/section>\n\n\n\n<div class=\"wp-block-group has-background\" style=\"background-color:#ffffff\"><div class=\"wp-block-group__inner-container is-layout-flow wp-block-group-is-layout-flow\">  <section class=\"section section-custom-tile\" style=\"padding: 120px 0 75px;\">\r\n    <div class=\"container\">\r\n              <h2 class=\"section-custom-tile__title violeta\">\r\n          Aprobado          \r\n        <\/h2>\r\n                  <div class=\"c-title\" style=\"font-size: 28px; margin-top: 70px;\">\r\n            <p style=\"text-align: center\">por las principales instituciones m\u00e9dicas, cient\u00edficas y de salud p\u00fablica del mundo, incluyendo el <a href=\"https:\/\/preventionaccess.org\/wp-content\/uploads\/2021\/11\/PAC_FlagshipSourcesQuotes_LMv8.pdf\" target=\"_blank\" rel=\"noopener\"><span style=\"color: #8d5d84\"><strong>Organizaci\u00f3n Mundial de la Salud (OMS)<\/strong><\/span><\/a>, <a href=\"https:\/\/preventionaccess.org\/wp-content\/uploads\/2021\/11\/PAC_FlagshipSourcesQuotes_LMv8.pdf\" target=\"_blank\" rel=\"noopener\"><span style=\"color: #387e96\"><strong>El Plan de Emergencia del Presidente para el Alivio del Sida (PEPFAR)<\/strong><\/span><\/a>, <span style=\"color: #c18e46\"><a style=\"color: #c18e46\" href=\"https:\/\/preventionaccess.org\/wp-content\/uploads\/2021\/11\/PAC_FlagshipSourcesQuotes_LMv8.pdf\" target=\"_blank\" rel=\"noopener\"><strong>Programa Conjunto de las Naciones Unidas sobre el VIH\/SIDA (ONUSIDA<\/strong><strong>)<\/strong><\/a><\/span>, <a href=\"https:\/\/preventionaccess.org\/wp-content\/uploads\/2021\/11\/PAC_FlagshipSourcesQuotes_LMv8.pdf\" target=\"_blank\" rel=\"noopener\"><span style=\"color: #589285\"><strong>Centros para el Control y la Prevenci\u00f3n de Enfermedades de los Estados Unidos<\/strong> <strong> (CDC)<\/strong><\/span><\/a>, <a href=\"https:\/\/preventionaccess.org\/wp-content\/uploads\/2021\/11\/PAC_FlagshipSourcesQuotes_LMv8.pdf\" target=\"_blank\" rel=\"noopener\"><strong><span style=\"color: #8d5d84\">Institutos Nacionales de Salud (NIH) <\/span><\/strong><\/a>y muchos m\u00e1s.<\/p>\n          <\/div>\r\n              \r\n          <\/div>\r\n  <\/section>\r\n\n\n\n<div class=\"wp-block-buttons pb-5 mb-5 is-horizontal is-content-justification-center is-layout-flex wp-container-core-buttons-is-layout-499968f5 wp-block-buttons-is-layout-flex\">\n<div class=\"wp-block-button has-custom-font-size has-normal-font-size\"><a class=\"wp-block-button__link has-text-color has-background\" href=\"https:\/\/preventionaccess.org\/wp-content\/uploads\/2021\/11\/PAC_FlagshipSourcesQuotes_LMv8.pdf\" style=\"border-radius:4px;background-color:#8d5d84;color:#ffffff\" target=\"_blank\" rel=\"noreferrer noopener\">ENDOSOS EMBLEM\u00c1TICOS<\/a><\/div>\n<\/div>\n<\/div><\/div>\n\n\n\n<div class=\"wp-block-group p-headings-block has-background\" style=\"background-color:#faf7f2\"><div class=\"wp-block-group__inner-container is-layout-flow wp-block-group-is-layout-flow\">\n<p class=\"has-text-align-center c-title container has-text-color has-huge-font-size\" style=\"color:#000000\"><strong>Todas las personas que viven con el VIH tienen derecho a recibir informaci\u00f3n <mark style=\"background-color:rgba(0, 0, 0, 0);color:#8d5d84\" class=\"has-inline-color\">precisa<\/mark> y <mark style=\"background-color:rgba(0, 0, 0, 0);color:#c18e46\" class=\"has-inline-color\">significativa<\/mark> sobre su salud social, sexual y reproductiva.<\/strong><\/p>\n<\/div><\/div>\n\n\n\n<section class=\"wp-block-group alignfull p-donation-block has-background\" style=\"background-color:#faf7f2\"><div class=\"wp-block-group__inner-container is-layout-flow wp-block-group-is-layout-flow\">\n<div class=\"wp-block-columns p-donation-block__columns container is-layout-flex wp-container-core-columns-is-layout-9d6595d7 wp-block-columns-is-layout-flex\">\n<div class=\"wp-block-column p-donation-block__media is-layout-flow wp-block-column-is-layout-flow\" style=\"flex-basis:55%\">\n<figure class=\"wp-block-embed is-type-video is-provider-youtube wp-block-embed-youtube wp-embed-aspect-16-9 wp-has-aspect-ratio\"><div class=\"wp-block-embed__wrapper\">\n<iframe loading=\"lazy\" title=\"The U=U Global Movement - US Conference on AIDS 2019\" width=\"500\" height=\"281\" src=\"https:\/\/www.youtube.com\/embed\/LiafDiCFYbA?list=PLMuV5dq7YMFs1ti3R6bW7KMYvEJDl3FeA\" frameborder=\"0\" allow=\"accelerometer; autoplay; clipboard-write; encrypted-media; gyroscope; picture-in-picture; web-share\" referrerpolicy=\"strict-origin-when-cross-origin\" allowfullscreen><\/iframe>\n<\/div><\/figure>\n<\/div>\n\n\n\n<div class=\"wp-block-column p-donation-block__content is-layout-flow wp-block-column-is-layout-flow\" style=\"flex-basis:45%\">\n<h2 class=\"has-text-color wp-block-heading\" id=\"a-glimpse-of-the-u-u-global-community\" style=\"color:#000000;font-size:54px\"><mark style=\"background-color:rgba(0, 0, 0, 0);color:#c18e46\" class=\"has-inline-color\">Un vistazo<\/mark> a la <mark style=\"background-color:rgba(0, 0, 0, 0);color:#589285\" class=\"has-inline-color\">comunidad mundial de<\/mark> <mark style=\"background-color:rgba(0, 0, 0, 0);color:#589285\" class=\"has-inline-color\">I=I<\/mark><\/h2>\n\n\n\n<p class=\"has-medium-font-size\">Somos una comunidad mundial que trabaja en conjunto para mejorar la calidad de vida de las personas que viven con el VIH, desmantelar el estigma del VIH y acercarnos al fin de la epidemia del VIH. <\/p>\n<\/div>\n<\/div>\n\n\n\n<hr class=\"wp-block-separator has-text-color has-background is-style-wide\" style=\"background-color:#dbd6d6;color:#dbd6d6\"\/>\n<\/div><\/section>\n\n\n<section class=\"section section-map section-bordered \">\r\n  <div class=\"container\">\r\n\r\n\r\n    <div class=\"section-map__content\">\r\n              <h2 class=\"section-title section-title--map-content\">\r\n          <span>Socios comunitarios <\/span>I=I        <\/h2>\r\n                    <div class=\"section-map__descr\"><p>Juntos compartimos el mensaje de I=I en todos los continentes. Consulte el siguiente mapa interactivo para encontrar a los socios comunitarios de I=I m\u00e1s cercanos. <a href=\"https:\/\/preventionaccess.org\/es\/community\/\"><span style=\"color: #589285\">Inscribe a tu organizaci\u00f3n y participa en el movimiento.<\/span><\/a><\/p>\n                      <div class=\"section-map__button\">\r\n              <a href=\"https:\/\/preventionaccess.org\/community\/\" class=\"c-btn c-btn--primary c-btn--md\" target=\"_self\">\r\n                CONVI\u00c9RTETE EN UN SOCIO COMUNITARIO              <\/a>\r\n            <\/div>\r\n                  <\/div>\r\n      \r\n    <\/div>\r\n\r\n\r\n                  <iframe class=\"section section-map__iframe\" frameborder=\"0\" src=\"https:\/\/www.zeemaps.com\/view?group=2607637&#038;x=68.091779&#038;y=21.617308&#038;z=15\"><\/iframe>\r\n        \r\n      <\/div>\r\n<\/section>\n\n<section class=\"section c-section c-section--filled-bg section-bordered\">\r\n    <div class=\"container\">\r\n        <div class=\"row\">\r\n            <div class=\"col-12 col-md-5 pt-5\">\r\n                <h2 class=\"section-wwd__title text-left\">\r\n                    <span>\r\n                        <p>\u00bfQu\u00e9 es lo que <span style=\"color: #875d89\">hacemos?<\/span><\/p>\n                    <\/span>\r\n                <\/h2>\r\n            <\/div>\r\n            <div class=\"col-12 col-md-7 pt-5 section-programs__text\">\r\n                <p>El trabajo de colaboraci\u00f3n de la Campa\u00f1a de Acceso a la Prevenci\u00f3n en materia de promoci\u00f3n, educaci\u00f3n y comunicaci\u00f3n ha dado lugar a cambios hist\u00f3ricos a nivel mundial en las evaluaciones oficiales del riesgo de transmisi\u00f3n sexual del VIH. Juntos, estamos cambiando la narrativa sobre vivir y amar con el VIH.<\/p>\n            <\/div>\r\n        <\/div>\r\n\r\n        <div class=\"row\">\r\n            <div class=\"col-12 col-md-4 pt-5\">\r\n                <a href=\"\/what-we-do\/#Defendemos\">\r\n                    <div class=\"wwd-image\">\r\n                                                    <img decoding=\"async\" src=\"https:\/\/preventionaccess.org\/wp-content\/uploads\/2021\/11\/IAS-protest-3-2017-high-res.jpg\" alt=\"\" \/>\r\n                        \r\n                        <div class=\"wwd-content\" style=\"background-color:#407e99;\">\r\n                            <div class=\"wwd-title\">\r\n                                Defendemos                            <\/div>\r\n                            <div class=\"wwd-text\">\r\n                                En colaboraci\u00f3n con l\u00edderes influyentes a todos los niveles, desde las bases hasta el gobierno y el mundo, logramos cambios sist\u00e9micos para mejorar la calidad de vida de las personas que viven con el VIH y reforzar los esfuerzos para acabar con la epidemia.                            <\/div>\r\n                        <\/div>\r\n                    <\/div>\r\n                <\/a>\r\n            <\/div>\r\n\r\n            <div class=\"col-12 col-md-4 pt-5\">\r\n                <a href=\"\/what-we-do\/#Educamos\">\r\n                    <div class=\"wwd-image\">\r\n                                                    <img decoding=\"async\" src=\"https:\/\/preventionaccess.org\/wp-content\/uploads\/2021\/11\/Educate-replace-1--e1638033230862.png\" alt=\"\" \/>\r\n                        \r\n                        <div class=\"wwd-content\" style=\"background-color:#bf9033;\">\r\n                            <div class=\"wwd-title\">\r\n                                Educamos                            <\/div>\r\n                            <div class=\"wwd-text\">\r\n                                Ofrecemos formaci\u00f3n relacionada con I=I y apoyo t\u00e9cnico a las organizaciones de la sociedad civil, los ministerios de salud, la industria privada y otras partes interesadas para integrar I=I en los espacios cl\u00ednicos, de comunicaci\u00f3n y pol\u00edticos.                            <\/div>\r\n                        <\/div>\r\n                    <\/div>\r\n                <\/a>\r\n            <\/div>\r\n\r\n            <div class=\"col-12 col-md-4 pt-5\">\r\n                <a href=\"\/what-we-do\/#Comunicamos\">\r\n                    <div class=\"wwd-image\">\r\n                                                    <img decoding=\"async\" src=\"https:\/\/preventionaccess.org\/wp-content\/uploads\/2021\/11\/Homepage-Tweet.jpg\" alt=\"\" \/>\r\n                        \r\n                        <div class=\"wwd-content\" style=\"background-color:#5c9284;\">\r\n                            <div class=\"wwd-title\">\r\n                                Comunicamos                            <\/div>\r\n                            <div class=\"wwd-text\">\r\n                                Nuestro objetivo es facilitar a cualquiera la educaci\u00f3n sobre I=I. Creamos, supervisamos y distribuimos recursos de comunicaci\u00f3n para compartir el mensaje de I=I de forma precisa y significativa.                            <\/div>\r\n                        <\/div>\r\n                    <\/div>\r\n                <\/a>\r\n            <\/div>\r\n\r\n\r\n\r\n\r\n        <\/div>\r\n\r\n        <div class=\"row mt-5\">\r\n            <div class=\"col-12 mt-5 d-flex justify-content-center\">\r\n\r\n\r\n                                    <a class=\"btn btn--large\" href=\"https:\/\/preventionaccess.org\/what-we-do\/\" target=\"_self\">\u00bfQU\u00c9 ES LO QUE HACEMOS?<\/a>\r\n                \r\n\r\n\r\n\r\n\r\n\r\n            <\/div>\r\n        <\/div>\r\n\r\n    <\/div>\r\n\r\n<\/section>\r\n\n\n\r\n<section class=\"section section-article section-bordered\">\r\n    <div class=\"container\">\r\n        <div class=\"section-blog-slider__top\">\r\n            <h2 class=\"section-title section-title--map-content text-center\">\r\n                <span>Nuestro <\/span>Twitter\r\n            <\/h2>\r\n            <div class=\"section-blog-slider__buttons\">\r\n                <button class=\"section-blog-slider__button section-blog-slider__button--prev\" type=\"button\" data-articles-slider-prev><svg width=\"12\" height=\"7\" viewBox=\"0 0 12 7\" fill=\"none\" xmlns=\"http:\/\/www.w3.org\/2000\/svg\">\r\n<path fill-rule=\"evenodd\" clip-rule=\"evenodd\" d=\"M1.78333 0.666687L6 4.50002L10.2167 0.666687L11.5 1.83335L6 6.83335L0.5 1.83335L1.78333 0.666687Z\" fill=\"#979797\"\/>\r\n<\/svg>\r\n<\/button>\r\n                <button class=\"section-blog-slider__button section-blog-slider__button--next\" type=\"button\" data-articles-slider-next><svg width=\"12\" height=\"7\" viewBox=\"0 0 12 7\" fill=\"none\" xmlns=\"http:\/\/www.w3.org\/2000\/svg\">\r\n<path fill-rule=\"evenodd\" clip-rule=\"evenodd\" d=\"M1.78333 0.666687L6 4.50002L10.2167 0.666687L11.5 1.83335L6 6.83335L0.5 1.83335L1.78333 0.666687Z\" fill=\"#979797\"\/>\r\n<\/svg>\r\n<\/button>\r\n            <\/div>\r\n        <\/div>\r\n        <ul class=\"article-post\" data-articles-slider>\r\n                            <li class=\"item-twitter article-post__item\">\r\n                    <div class=\"content-twitter py-3 px-3\">\r\n                        <div class=\"d-flex flex-row  mb-3 align-items-center\">\r\n                            <div class=\"img-twitter mr-3\">\r\n                                <img decoding=\"async\" class=\"rounded-circle \" src=\"\" alt=\"\">\r\n                            <\/div>\r\n                            <div class=\"d-flex flex-column\">\r\n                                <span class=\"user-twitter\"><\/span>\r\n                                <span class=\"user-handle\">@<\/span>\r\n                            <\/div>\r\n                        <\/div>\r\n                        <p class=\"text-h2\"><\/p>\r\n                                                <div class=\"d-flex flex-row\">\r\n                            <i class=\"fa-solid fa-heart\"><\/i>\r\n                            <small class=\"ml-2 mr-3\"><\/small><br>\r\n                            <small>12:01 AM &#8211; Jan 01, 1970<\/small><br>\r\n                        <\/div>\r\n\r\n                    <\/div>\r\n                    <a href=\"https:\/\/twitter.com\/PreventionAC\/status\/\" target=\"_blank\">\r\n                        <div class=\"link-twitter py-3 px-3 d-flex align-items-center justify-content-between\">\r\n                            <div class=\"section-title--map-content\">\r\n                                Ver en Twitter                            <\/div>\r\n                            <i class=\"fa-solid fa-angle-right\"><\/i>\r\n                        <\/div>\r\n                    <\/a>\r\n\r\n\r\n                <\/li>\r\n                    <\/ul>\r\n    <\/div>\r\n<\/section>\n\n<section class=\"section section-instagram-post section-bordered\">\r\n  <div class=\"container\">\r\n    <h2 class=\"section-title section-title--instagram text-left\"><span>Nuestro<\/span> instagram<\/h2>\r\n    <ul class=\"instagram-post\">\r\n          <\/ul>\r\n\r\n  <\/div>\r\n<\/section>\n\n\n\n<div class=\"wp-block-group has-background\" style=\"background-color:#ffffff\"><div class=\"wp-block-group__inner-container is-layout-flow wp-block-group-is-layout-flow\">  <section class=\"section section-custom-tile\" style=\"padding: 120px 0 75px;\">\r\n    <div class=\"container\">\r\n              <h2 class=\"section-custom-tile__title green\">\r\n          Apoyado                      <div class=\"section-custom-tile__subtitle\">\r\n              por            <\/div>\r\n          \r\n        <\/h2>\r\n              \r\n              <ul class=\"row justify-content-center pt-5\">\r\n                      <li class=\"col-4 col-md-2 pt-4 pt-md-0\">\r\n                              <span class=\"section-custom-tile__imgwrap\">\r\n                  <img decoding=\"async\" src=\"https:\/\/preventionaccess.org\/wp-content\/uploads\/2021\/09\/SponsoredLogo-25.png\" alt=\"img\">\r\n                <\/span>\r\n                          <\/li>\r\n                      <li class=\"col-4 col-md-2 pt-4 pt-md-0\">\r\n                              <span class=\"section-custom-tile__imgwrap\">\r\n                  <img decoding=\"async\" src=\"https:\/\/preventionaccess.org\/wp-content\/uploads\/2021\/09\/SponsoredLogo-27.png\" alt=\"img\">\r\n                <\/span>\r\n                          <\/li>\r\n                      <li class=\"col-4 col-md-2 pt-4 pt-md-0\">\r\n                              <span class=\"section-custom-tile__imgwrap\">\r\n                  <img decoding=\"async\" src=\"https:\/\/preventionaccess.org\/wp-content\/uploads\/2021\/09\/SponsoredLogo-26.png\" alt=\"img\">\r\n                <\/span>\r\n                          <\/li>\r\n                      <li class=\"col-4 col-md-2 pt-4 pt-md-0\">\r\n                              <span class=\"section-custom-tile__imgwrap\">\r\n                  <img decoding=\"async\" src=\"https:\/\/preventionaccess.org\/wp-content\/uploads\/2021\/09\/SponsoredLogo-23.png\" alt=\"img\">\r\n                <\/span>\r\n                          <\/li>\r\n                      <li class=\"col-4 col-md-2 pt-4 pt-md-0\">\r\n                              <span class=\"section-custom-tile__imgwrap\">\r\n                  <img decoding=\"async\" src=\"https:\/\/preventionaccess.org\/wp-content\/uploads\/2021\/09\/SponsoredLogo-28.png\" alt=\"img\">\r\n                <\/span>\r\n                          <\/li>\r\n                      <li class=\"col-4 col-md-2 pt-4 pt-md-0\">\r\n                              <span class=\"section-custom-tile__imgwrap\">\r\n                  <img decoding=\"async\" src=\"https:\/\/preventionaccess.org\/wp-content\/uploads\/2021\/09\/SponsoredLogo-31.png\" alt=\"img\">\r\n                <\/span>\r\n                          <\/li>\r\n                      <li class=\"col-4 col-md-2 pt-4 pt-md-0\">\r\n                              <span class=\"section-custom-tile__imgwrap\">\r\n                  <img decoding=\"async\" src=\"https:\/\/preventionaccess.org\/wp-content\/uploads\/2021\/09\/SponsoredLogo-29.png\" alt=\"img\">\r\n                <\/span>\r\n                          <\/li>\r\n                      <li class=\"col-4 col-md-2 pt-4 pt-md-0\">\r\n                              <span class=\"section-custom-tile__imgwrap\">\r\n                  <img decoding=\"async\" src=\"https:\/\/preventionaccess.org\/wp-content\/uploads\/2021\/09\/SponsoredLogo-30.png\" alt=\"img\">\r\n                <\/span>\r\n                          <\/li>\r\n                      <li class=\"col-4 col-md-2 pt-4 pt-md-0\">\r\n                              <span class=\"section-custom-tile__imgwrap\">\r\n                  <img decoding=\"async\" src=\"https:\/\/preventionaccess.org\/wp-content\/uploads\/2021\/09\/SponsoredLogo-24.png\" alt=\"img\">\r\n                <\/span>\r\n                          <\/li>\r\n                      <li class=\"col-4 col-md-2 pt-4 pt-md-0\">\r\n                              <span class=\"section-custom-tile__imgwrap\">\r\n                  <img decoding=\"async\" src=\"https:\/\/preventionaccess.org\/wp-content\/uploads\/2021\/09\/SponsoredLogo-32.png\" alt=\"img\">\r\n                <\/span>\r\n                          <\/li>\r\n                      <li class=\"col-4 col-md-2 pt-4 pt-md-0\">\r\n                              <span class=\"section-custom-tile__imgwrap\">\r\n                  <img decoding=\"async\" src=\"https:\/\/preventionaccess.org\/wp-content\/uploads\/2021\/09\/SponsoredLogo-33.png\" alt=\"img\">\r\n                <\/span>\r\n                          <\/li>\r\n                      <li class=\"col-4 col-md-2 pt-4 pt-md-0\">\r\n                              <span class=\"section-custom-tile__imgwrap\">\r\n                  <img decoding=\"async\" src=\"https:\/\/preventionaccess.org\/wp-content\/uploads\/2021\/11\/Image437-e1636819052248.jpeg\" alt=\"img\">\r\n                <\/span>\r\n                          <\/li>\r\n                  <\/ul>\r\n          <\/div>\r\n  <\/section>\r\n<\/div><\/div>\n","protected":false},"excerpt":{"rendered":"<p>Indetectable = Intransmisible Una persona que vive con el VIH que est\u00e1 en tratamiento y tiene una carga viral indetectable no puede transmitir sexualmente el VIH. Todas las personas que viven con el VIH tienen derecho a recibir informaci\u00f3n precisa y significativa sobre su salud social, sexual y reproductiva. Un vistazo a la comunidad mundial &hellip; <a href=\"https:\/\/preventionaccess.org\/es\/\">Continued<\/a><\/p>\n","protected":false},"author":10,"featured_media":8970,"parent":0,"menu_order":39,"comment_status":"closed","ping_status":"closed","template":"","meta":{"_acf_changed":false,"inline_featured_image":false,"_themeisle_gutenberg_block_has_review":false,"footnotes":""},"class_list":["post-5757","page","type-page","status-publish","has-post-thumbnail","hentry"],"acf":[],"_links":{"self":[{"href":"https:\/\/preventionaccess.org\/es\/wp-json\/wp\/v2\/pages\/5757","targetHints":{"allow":["GET"]}}],"collection":[{"href":"https:\/\/preventionaccess.org\/es\/wp-json\/wp\/v2\/pages"}],"about":[{"href":"https:\/\/preventionaccess.org\/es\/wp-json\/wp\/v2\/types\/page"}],"author":[{"embeddable":true,"href":"https:\/\/preventionaccess.org\/es\/wp-json\/wp\/v2\/users\/10"}],"replies":[{"embeddable":true,"href":"https:\/\/preventionaccess.org\/es\/wp-json\/wp\/v2\/comments?post=5757"}],"version-history":[{"count":26,"href":"https:\/\/preventionaccess.org\/es\/wp-json\/wp\/v2\/pages\/5757\/revisions"}],"predecessor-version":[{"id":13228,"href":"https:\/\/preventionaccess.org\/es\/wp-json\/wp\/v2\/pages\/5757\/revisions\/13228"}],"wp:featuredmedia":[{"embeddable":true,"href":"https:\/\/preventionaccess.org\/es\/wp-json\/wp\/v2\/media\/8970"}],"wp:attachment":[{"href":"https:\/\/preventionaccess.org\/es\/wp-json\/wp\/v2\/media?parent=5757"}],"curies":[{"name":"wp","href":"https:\/\/api.w.org\/{rel}","templated":true}]}}